{"id":49427,"date":"2024-05-16T06:41:48","date_gmt":"2024-05-16T06:41:48","guid":{"rendered":"https:\/\/www.shirtprintservice.nl\/?post_type=product&#038;p=49427"},"modified":"2024-07-22T14:27:48","modified_gmt":"2024-07-22T14:27:48","slug":"kt-tape-flex","status":"publish","type":"product","link":"https:\/\/www.shirtprintservice.nl\/en\/product\/kt-tape-flex","title":{"rendered":"KT Tape \u2013 Flex"},"content":{"rendered":"<p>KT TAPE\u00ae KT Flex is speciaal ontworpen voor een effectievere, comfortabele ondersteuning van zwakke of geblesseerde knie\u00ebn.* KT Flex is bedoeld voor sporters, fitnessfanaten of mensen die herstellen van een blessure en extra steun voor de knie willen zonder de omvang en beperking van een stabiliserende sleeve.<\/p>\n<p>De bijgeleverde snelstartgids laat zien hoe KT Flex op de aanbevolen manier moet worden aangebracht om steun en stabiliteit in de knie\u00ebn te bevorderen*. Gebruik het systeem met 2 stroken om \u00e9\u00e9n met FREEFLEX\u2122 versterkte strook langs de buitenkant van het kniegewricht (laterale zijde) en de andere versterkte strook zonder FREEFLEX\u2122 langs de binnenkant van het kniegewricht (mediale zijde) aan te brengen. De verpakking bevat 8 voorgesneden stroken voor vier knietoepassingen.<\/p>\n<ul>\n<li>Comfortable to wear for 4 days<\/li>\n<li>Stays on in water<\/li>\n<li>Reinforced tape with embedded FreeFlex offers extra support and stability for knee<\/li>\n<li>Eight pre-cut strips equal four applications<\/li>\n<\/ul>","protected":false},"excerpt":{"rendered":"<p>KT TAPE\u00ae KT Flex is speciaal ontworpen voor een effectievere, comfortabele ondersteuning van zwakke of geblesseerde knie\u00ebn.* KT Flex is bedoeld voor sporters, fitnessfanaten of mensen die herstellen van een blessure en extra steun voor de knie willen zonder de omvang en beperking van een stabiliserende sleeve. De bijgeleverde snelstartgids laat zien hoe KT Flex [&hellip;]<\/p>\n","protected":false},"featured_media":52206,"template":"","meta":{"_eb_attr":""},"product_brand":[],"product_cat":[173,653],"product_tag":[709],"class_list":{"0":"post-49427","1":"product","2":"type-product","3":"status-publish","4":"has-post-thumbnail","6":"product_cat-sport","7":"product_cat-tapes-verzorging","8":"product_tag-bescherming","10":"first","11":"instock","12":"taxable","13":"shipping-taxable","14":"purchasable","15":"product-type-simple"},"jetpack_sharing_enabled":true,"_links":{"self":[{"href":"https:\/\/www.shirtprintservice.nl\/en\/wp-json\/wp\/v2\/product\/49427","targetHints":{"allow":["GET"]}}],"collection":[{"href":"https:\/\/www.shirtprintservice.nl\/en\/wp-json\/wp\/v2\/product"}],"about":[{"href":"https:\/\/www.shirtprintservice.nl\/en\/wp-json\/wp\/v2\/types\/product"}],"wp:featuredmedia":[{"embeddable":true,"href":"https:\/\/www.shirtprintservice.nl\/en\/wp-json\/wp\/v2\/media\/52206"}],"wp:attachment":[{"href":"https:\/\/www.shirtprintservice.nl\/en\/wp-json\/wp\/v2\/media?parent=49427"}],"wp:term":[{"taxonomy":"product_brand","embeddable":true,"href":"https:\/\/www.shirtprintservice.nl\/en\/wp-json\/wp\/v2\/product_brand?post=49427"},{"taxonomy":"product_cat","embeddable":true,"href":"https:\/\/www.shirtprintservice.nl\/en\/wp-json\/wp\/v2\/product_cat?post=49427"},{"taxonomy":"product_tag","embeddable":true,"href":"https:\/\/www.shirtprintservice.nl\/en\/wp-json\/wp\/v2\/product_tag?post=49427"}],"curies":[{"name":"wp","href":"https:\/\/api.w.org\/{rel}","templated":true}]}}